{"id":4910,"date":"2022-06-23T11:40:42","date_gmt":"2022-06-23T11:40:42","guid":{"rendered":"https:\/\/lopudwithus.com\/staging2\/?page_id=4910"},"modified":"2023-08-04T12:03:21","modified_gmt":"2023-08-04T12:03:21","slug":"ponta-lopud","status":"publish","type":"page","link":"https:\/\/mandraclopud.com\/hr\/ponta-lopud\/","title":{"rendered":"Ponta Lopud"},"content":{"rendered":"<div class=\"wpb-content-wrapper\"><div class=\"vc_row wpb_row vc_row-fluid vc_custom_1691149770701 vc_row-has-fill\" ><div class=\"white-center wpb_column vc_column_container vc_col-sm-12\"><div class=\"vc_column-inner\"><div class=\"wpb_wrapper\">\n\t<div class=\"wpb_text_column wpb_content_element\" >\n\t\t<div class=\"wpb_wrapper\">\n\t\t\t<h1>PONTA LOPUD<\/h1>\n<p>Ponta Lopud Festival je kreativno sredi\u0161te za filmske profesionalce koje im omogu\u0107uje stjecanje novih iskustava i razvoj dugotrajnih veza i prijateljstava. U mirnom i inspirativnom okru\u017eenju otoka Lopuda, okru\u017eeni jedinstvenom ljepotom i doma\u0107im gastronomskim u\u017eicima, sudionici \u0107e imati priliku razgovarati o filmu i vizualnoj umjetnosti te podijeliti svoja iskustva u filmskoj industriji.<\/p>\n<p><a href=\"https:\/\/pontalopud.hr\/\" target=\"_blank\" rel=\"noopener\">Saznajte vi\u0161e<\/a><\/p>\n\n\t\t<\/div>\n\t<\/div>\n<\/div><\/div><\/div><\/div>\n<\/div>","protected":false},"excerpt":{"rendered":"PONTA LOPUD The Ponta Lopud Festival serves as a vibrant creative hub for film professionals, providing a platform to gain new experiences, cultivate lasting relationships, and forge meaningful friendships. Set in the tranquil and inspiring environment of Lopud Island, surrounded by unique beauty and local [...]","protected":false},"author":1,"featured_media":0,"parent":0,"menu_order":0,"comment_status":"closed","ping_status":"closed","template":"full-width.php","meta":{"_acf_changed":false,"footnotes":""},"categories":[1],"class_list":["post-4910","page","type-page","status-publish","hentry","category-uncategorized"],"acf":[],"yoast_head":"<!-- This site is optimized with the Yoast SEO plugin v27.4 - https:\/\/yoast.com\/product\/yoast-seo-wordpress\/ -->\n<title>Ponta Lopud - Mandra\u010d - Villa Birimi\u0161a<\/title>\n<meta name=\"description\" content=\"Ponta Lopud Festival is a creative center for film professionals that enables them to gain new experiences and develop long-term relationships and friendships.\" \/>\n<meta name=\"robots\" content=\"index, follow, max-snippet:-1, max-image-preview:large, max-video-preview:-1\" \/>\n<link rel=\"canonical\" href=\"https:\/\/lopudwithus.com\/hr\/ponta-lopud\/\" \/>\n<meta property=\"og:locale\" content=\"hr_HR\" \/>\n<meta property=\"og:type\" content=\"article\" \/>\n<meta property=\"og:title\" content=\"Ponta Lopud - Mandra\u010d - Villa Birimi\u0161a\" \/>\n<meta property=\"og:description\" content=\"Ponta Lopud Festival is a creative center for film professionals that enables them to gain new experiences and develop long-term relationships and friendships.\" \/>\n<meta property=\"og:url\" content=\"https:\/\/lopudwithus.com\/hr\/ponta-lopud\/\" \/>\n<meta property=\"og:site_name\" content=\"Mandra\u010d - Villa Birimi\u0161a\" \/>\n<meta property=\"article:modified_time\" content=\"2023-08-04T12:03:21+00:00\" \/>\n<meta name=\"twitter:card\" content=\"summary_large_image\" \/>\n<meta name=\"twitter:label1\" content=\"Est. reading time\" \/>\n\t<meta name=\"twitter:data1\" content=\"1 minute\" \/>\n<script type=\"application\/ld+json\" class=\"yoast-schema-graph\">{\"@context\":\"https:\\\/\\\/schema.org\",\"@graph\":[{\"@type\":\"WebPage\",\"@id\":\"https:\\\/\\\/lopudwithus.com\\\/hr\\\/ponta-lopud\\\/\",\"url\":\"https:\\\/\\\/lopudwithus.com\\\/hr\\\/ponta-lopud\\\/\",\"name\":\"Ponta Lopud - Mandra\u010d - Villa Birimi\u0161a\",\"isPartOf\":{\"@id\":\"https:\\\/\\\/lopudwithus.com\\\/#website\"},\"datePublished\":\"2022-06-23T11:40:42+00:00\",\"dateModified\":\"2023-08-04T12:03:21+00:00\",\"description\":\"Ponta Lopud Festival is a creative center for film professionals that enables them to gain new experiences and develop long-term relationships and friendships.\",\"breadcrumb\":{\"@id\":\"https:\\\/\\\/lopudwithus.com\\\/hr\\\/ponta-lopud\\\/#breadcrumb\"},\"inLanguage\":\"hr\",\"potentialAction\":[{\"@type\":\"ReadAction\",\"target\":[\"https:\\\/\\\/lopudwithus.com\\\/hr\\\/ponta-lopud\\\/\"]}]},{\"@type\":\"BreadcrumbList\",\"@id\":\"https:\\\/\\\/lopudwithus.com\\\/hr\\\/ponta-lopud\\\/#breadcrumb\",\"itemListElement\":[{\"@type\":\"ListItem\",\"position\":1,\"name\":\"Home\",\"item\":\"https:\\\/\\\/mandraclopud.com\\\/\"},{\"@type\":\"ListItem\",\"position\":2,\"name\":\"Ponta Lopud\"}]},{\"@type\":\"WebSite\",\"@id\":\"https:\\\/\\\/lopudwithus.com\\\/#website\",\"url\":\"https:\\\/\\\/lopudwithus.com\\\/\",\"name\":\"Mandra\u010d - Villa Birimi\u0161a\",\"description\":\"Tavern | Studio Apartments | Villa\",\"potentialAction\":[{\"@type\":\"SearchAction\",\"target\":{\"@type\":\"EntryPoint\",\"urlTemplate\":\"https:\\\/\\\/lopudwithus.com\\\/?s={search_term_string}\"},\"query-input\":{\"@type\":\"PropertyValueSpecification\",\"valueRequired\":true,\"valueName\":\"search_term_string\"}}],\"inLanguage\":\"hr\"}]}<\/script>\n<!-- \/ Yoast SEO plugin. -->","yoast_head_json":{"title":"Ponta Lopud - Mandra\u010d - Villa Birimi\u0161a","description":"Ponta Lopud Festival is a creative center for film professionals that enables them to gain new experiences and develop long-term relationships and friendships.","robots":{"index":"index","follow":"follow","max-snippet":"max-snippet:-1","max-image-preview":"max-image-preview:large","max-video-preview":"max-video-preview:-1"},"canonical":"https:\/\/lopudwithus.com\/hr\/ponta-lopud\/","og_locale":"hr_HR","og_type":"article","og_title":"Ponta Lopud - Mandra\u010d - Villa Birimi\u0161a","og_description":"Ponta Lopud Festival is a creative center for film professionals that enables them to gain new experiences and develop long-term relationships and friendships.","og_url":"https:\/\/lopudwithus.com\/hr\/ponta-lopud\/","og_site_name":"Mandra\u010d - Villa Birimi\u0161a","article_modified_time":"2023-08-04T12:03:21+00:00","twitter_card":"summary_large_image","twitter_misc":{"Est. reading time":"1 minute"},"schema":{"@context":"https:\/\/schema.org","@graph":[{"@type":"WebPage","@id":"https:\/\/lopudwithus.com\/hr\/ponta-lopud\/","url":"https:\/\/lopudwithus.com\/hr\/ponta-lopud\/","name":"Ponta Lopud - Mandra\u010d - Villa Birimi\u0161a","isPartOf":{"@id":"https:\/\/lopudwithus.com\/#website"},"datePublished":"2022-06-23T11:40:42+00:00","dateModified":"2023-08-04T12:03:21+00:00","description":"Ponta Lopud Festival is a creative center for film professionals that enables them to gain new experiences and develop long-term relationships and friendships.","breadcrumb":{"@id":"https:\/\/lopudwithus.com\/hr\/ponta-lopud\/#breadcrumb"},"inLanguage":"hr","potentialAction":[{"@type":"ReadAction","target":["https:\/\/lopudwithus.com\/hr\/ponta-lopud\/"]}]},{"@type":"BreadcrumbList","@id":"https:\/\/lopudwithus.com\/hr\/ponta-lopud\/#breadcrumb","itemListElement":[{"@type":"ListItem","position":1,"name":"Home","item":"https:\/\/mandraclopud.com\/"},{"@type":"ListItem","position":2,"name":"Ponta Lopud"}]},{"@type":"WebSite","@id":"https:\/\/lopudwithus.com\/#website","url":"https:\/\/lopudwithus.com\/","name":"Mandra\u010d - Villa Birimi\u0161a","description":"Tavern | Studio Apartments | Villa","potentialAction":[{"@type":"SearchAction","target":{"@type":"EntryPoint","urlTemplate":"https:\/\/lopudwithus.com\/?s={search_term_string}"},"query-input":{"@type":"PropertyValueSpecification","valueRequired":true,"valueName":"search_term_string"}}],"inLanguage":"hr"}]}},"_links":{"self":[{"href":"https:\/\/mandraclopud.com\/hr\/wp-json\/wp\/v2\/pages\/4910","targetHints":{"allow":["GET"]}}],"collection":[{"href":"https:\/\/mandraclopud.com\/hr\/wp-json\/wp\/v2\/pages"}],"about":[{"href":"https:\/\/mandraclopud.com\/hr\/wp-json\/wp\/v2\/types\/page"}],"author":[{"embeddable":true,"href":"https:\/\/mandraclopud.com\/hr\/wp-json\/wp\/v2\/users\/1"}],"replies":[{"embeddable":true,"href":"https:\/\/mandraclopud.com\/hr\/wp-json\/wp\/v2\/comments?post=4910"}],"version-history":[{"count":5,"href":"https:\/\/mandraclopud.com\/hr\/wp-json\/wp\/v2\/pages\/4910\/revisions"}],"predecessor-version":[{"id":5355,"href":"https:\/\/mandraclopud.com\/hr\/wp-json\/wp\/v2\/pages\/4910\/revisions\/5355"}],"wp:attachment":[{"href":"https:\/\/mandraclopud.com\/hr\/wp-json\/wp\/v2\/media?parent=4910"}],"wp:term":[{"taxonomy":"category","embeddable":true,"href":"https:\/\/mandraclopud.com\/hr\/wp-json\/wp\/v2\/categories?post=4910"}],"curies":[{"name":"wp","href":"https:\/\/api.w.org\/{rel}","templated":true}]}}