{"id":4267,"date":"2022-06-13T14:29:23","date_gmt":"2022-06-13T14:29:23","guid":{"rendered":"https:\/\/lopudwithus.com\/staging2\/?page_id=4267"},"modified":"2023-08-04T13:59:01","modified_gmt":"2023-08-04T13:59:01","slug":"villa-birimisa","status":"publish","type":"page","link":"https:\/\/mandraclopud.com\/hr\/villa-birimisa\/","title":{"rendered":"Villa Birimi\u0161a"},"content":{"rendered":"<div class=\"wpb-content-wrapper\"><div class=\"vc_row wpb_row vc_row-fluid vc_custom_1691155320816 vc_row-has-fill\" ><div class=\"white-center wpb_column vc_column_container vc_col-sm-12\"><div class=\"vc_column-inner\"><div class=\"wpb_wrapper\">\n\t<div class=\"wpb_text_column wpb_content_element\" >\n\t\t<div class=\"wpb_wrapper\">\n\t\t\t<h1>VILLA BIRIMI\u0160A<\/h1>\n<p>Na\u0161e stare kamene vile vodimo obiteljski, odr\u017eavamo tradiciju gostoprimstva koja se njeguje od davne 1935. godine, kad su na\u0161i stari zapo\u010deli ugo\u0161\u0107ivati i graditi povijest koju smo naslijedili.<\/p>\n\n\t\t<\/div>\n\t<\/div>\n<\/div><\/div><\/div><\/div><div class=\"vc_row wpb_row vc_row-fluid vc_custom_1655726047559\" ><div class=\"stupac vila_apartmani wpb_column vc_column_container vc_col-sm-4\"><div class=\"vc_column-inner\"><div class=\"wpb_wrapper\">\n\t<div  class=\"wpb_single_image wpb_content_element vc_align_center wpb_content_element  zaobljeno\">\n\t\t\n\t\t<figure class=\"wpb_wrapper vc_figure\">\n\t\t\t<a href=\"https:\/\/mandraclopud.com\/hr\/apartman-frane\/\" target=\"_self\" class=\"vc_single_image-wrapper   vc_box_border_grey\"><img loading=\"lazy\" decoding=\"async\" width=\"303\" height=\"353\" src=\"https:\/\/mandraclopud.com\/wp-content\/uploads\/2022\/06\/Apartman-Frane.jpg\" class=\"vc_single_image-img attachment-full\" alt=\"Apartman Frane\" title=\"Apartman Frane\" srcset=\"https:\/\/mandraclopud.com\/wp-content\/uploads\/2022\/06\/Apartman-Frane.jpg 303w, https:\/\/mandraclopud.com\/wp-content\/uploads\/2022\/06\/Apartman-Frane-258x300.jpg 258w\" sizes=\"auto, (max-width: 303px) 100vw, 303px\" \/><\/a>\n\t\t<\/figure>\n\t<\/div>\n<div class=\"qodef-section-title-holder titles umbrella vila_title qodef-st-standard qodef-st-title-left  qodef-st-normal-space\" style=\"text-align: center\">\n\t<div class=\"qodef-st-inner\">\n        \t\t\t\t\t<h2 class=\"qodef-st-title\" >\n\t\t\t\tApartman Frane\t\t\t<\/h2>\n\t\t\t\t\t\t\t<p class=\"qodef-st-text\" >\n\t\t\t\tStudio apartman Frane nalazi se na prvom katu s pogledom na more. Na povr\u0161ini od 28m2 otvorenog prostora smje\u0161tena je spava\u0107a soba, dnevni boravak i mala kuhinja sa zasebnom kupaonicom.\t\t\t<\/p>\n\t\t\t<\/div>\n<\/div><\/div><\/div><\/div><div class=\"vila_apartmani wpb_column vc_column_container vc_col-sm-4\"><div class=\"vc_column-inner\"><div class=\"wpb_wrapper\">\n\t<div  class=\"wpb_single_image wpb_content_element vc_align_center wpb_content_element  zaobljeno\">\n\t\t\n\t\t<figure class=\"wpb_wrapper vc_figure\">\n\t\t\t<a href=\"https:\/\/mandraclopud.com\/hr\/apartman-mare\/\" target=\"_self\" class=\"vc_single_image-wrapper   vc_box_border_grey\"><img loading=\"lazy\" decoding=\"async\" width=\"303\" height=\"353\" src=\"https:\/\/mandraclopud.com\/wp-content\/uploads\/2022\/06\/Apartman-Mare.jpg\" class=\"vc_single_image-img attachment-full\" alt=\"Apartman Mare\" title=\"Apartman Mare\" srcset=\"https:\/\/mandraclopud.com\/wp-content\/uploads\/2022\/06\/Apartman-Mare.jpg 303w, https:\/\/mandraclopud.com\/wp-content\/uploads\/2022\/06\/Apartman-Mare-258x300.jpg 258w\" sizes=\"auto, (max-width: 303px) 100vw, 303px\" \/><\/a>\n\t\t<\/figure>\n\t<\/div>\n<div class=\"qodef-section-title-holder titles umbrella vila_title qodef-st-standard qodef-st-title-left  qodef-st-normal-space\" style=\"text-align: center\">\n\t<div class=\"qodef-st-inner\">\n        \t\t\t\t\t<h2 class=\"qodef-st-title\" >\n\t\t\t\tApartman Mare\t\t\t<\/h2>\n\t\t\t\t\t\t\t<p class=\"qodef-st-text\" >\n\t\t\t\tStudio apartman Mare nalazi se na prvom katu s pogledom na more. Na povr\u0161ini od 28m2 otvorenog prostora smje\u0161tena je spava\u0107a soba, dnevni boravak i mala kuhinja sa zasebnom kupaonicom. Ovaj apartman ima izlaz na balkon.\t\t\t<\/p>\n\t\t\t<\/div>\n<\/div><\/div><\/div><\/div><div class=\"vila_apartmani wpb_column vc_column_container vc_col-sm-4\"><div class=\"vc_column-inner\"><div class=\"wpb_wrapper\">\n\t<div  class=\"wpb_single_image wpb_content_element vc_align_center wpb_content_element  zaobljeno\">\n\t\t\n\t\t<figure class=\"wpb_wrapper vc_figure\">\n\t\t\t<a href=\"https:\/\/mandraclopud.com\/hr\/apartman-file\/\" target=\"_self\" class=\"vc_single_image-wrapper   vc_box_border_grey\"><img loading=\"lazy\" decoding=\"async\" width=\"303\" height=\"353\" src=\"https:\/\/mandraclopud.com\/wp-content\/uploads\/2022\/06\/Studio-File.jpg\" class=\"vc_single_image-img attachment-full\" alt=\"Studio File\" title=\"Studio File\" srcset=\"https:\/\/mandraclopud.com\/wp-content\/uploads\/2022\/06\/Studio-File.jpg 303w, https:\/\/mandraclopud.com\/wp-content\/uploads\/2022\/06\/Studio-File-258x300.jpg 258w\" sizes=\"auto, (max-width: 303px) 100vw, 303px\" \/><\/a>\n\t\t<\/figure>\n\t<\/div>\n<div class=\"qodef-section-title-holder titles umbrella vila_title qodef-st-standard qodef-st-title-left  qodef-st-normal-space\" style=\"text-align: center\">\n\t<div class=\"qodef-st-inner\">\n        \t\t\t\t\t<h2 class=\"qodef-st-title\" >\n\t\t\t\tApartman File\t\t\t<\/h2>\n\t\t\t\t\t\t\t<p class=\"qodef-st-text\" >\n\t\t\t\tStudio apartman File nalazi se na drugom katu s pogledom na more. Na povr\u0161ini od 27m2 otvorenog prostora smje\u0161tena je spava\u0107a soba, dnevni boravak i mala kuhinja sa zasebnom kupaonicom. Ovaj apartman ima fasadni balkon s pogledom na more.\t\t\t<\/p>\n\t\t\t<\/div>\n<\/div><\/div><\/div><\/div><\/div><div class=\"vc_row wpb_row vc_row-fluid vila_second_row vc_custom_1655725979865\" ><div class=\"stupac vila_apartmani wpb_column vc_column_container vc_col-sm-4\"><div class=\"vc_column-inner\"><div class=\"wpb_wrapper\">\n\t<div  class=\"wpb_single_image wpb_content_element vc_align_center wpb_content_element  zaobljeno\">\n\t\t\n\t\t<figure class=\"wpb_wrapper vc_figure\">\n\t\t\t<a href=\"https:\/\/mandraclopud.com\/hr\/apartman-mada\/\" target=\"_self\" class=\"vc_single_image-wrapper   vc_box_border_grey\"><img loading=\"lazy\" decoding=\"async\" width=\"303\" height=\"353\" src=\"https:\/\/mandraclopud.com\/wp-content\/uploads\/2022\/06\/Apartman-Mada.jpg\" class=\"vc_single_image-img attachment-full\" alt=\"Apartman Mada\" title=\"Apartman Mada\" srcset=\"https:\/\/mandraclopud.com\/wp-content\/uploads\/2022\/06\/Apartman-Mada.jpg 303w, https:\/\/mandraclopud.com\/wp-content\/uploads\/2022\/06\/Apartman-Mada-258x300.jpg 258w\" sizes=\"auto, (max-width: 303px) 100vw, 303px\" \/><\/a>\n\t\t<\/figure>\n\t<\/div>\n<div class=\"qodef-section-title-holder titles umbrella vila_title qodef-st-standard qodef-st-title-left  qodef-st-normal-space\" style=\"text-align: center\">\n\t<div class=\"qodef-st-inner\">\n        \t\t\t\t\t<h2 class=\"qodef-st-title\" >\n\t\t\t\tApartman Mada\t\t\t<\/h2>\n\t\t\t\t\t\t\t<p class=\"qodef-st-text\" >\n\t\t\t\tStudio apartman Mada nalazi se na drugom katu s pogledom na more. Na povr\u0161ini od 30m2 otvorenog prostora smje\u0161tena je spava\u0107a soba, dnevni boravak i mala kuhinja sa zasebnom kupaonicom. Ovaj apartman ima fasadni balkon s pogledom na more.\t\t\t<\/p>\n\t\t\t<\/div>\n<\/div><\/div><\/div><\/div><div class=\"vila_apartmani wpb_column vc_column_container vc_col-sm-4\"><div class=\"vc_column-inner\"><div class=\"wpb_wrapper\">\n\t<div  class=\"wpb_single_image wpb_content_element vc_align_center wpb_content_element  zaobljeno\">\n\t\t\n\t\t<figure class=\"wpb_wrapper vc_figure\">\n\t\t\t<a href=\"https:\/\/mandraclopud.com\/hr\/apartman-ana\/\" target=\"_self\" class=\"vc_single_image-wrapper   vc_box_border_grey\"><img loading=\"lazy\" decoding=\"async\" width=\"303\" height=\"353\" src=\"https:\/\/mandraclopud.com\/wp-content\/uploads\/2022\/06\/Apartman-Ana.jpg\" class=\"vc_single_image-img attachment-full\" alt=\"Apartman Ana\" title=\"Apartman Ana\" srcset=\"https:\/\/mandraclopud.com\/wp-content\/uploads\/2022\/06\/Apartman-Ana.jpg 303w, https:\/\/mandraclopud.com\/wp-content\/uploads\/2022\/06\/Apartman-Ana-258x300.jpg 258w\" sizes=\"auto, (max-width: 303px) 100vw, 303px\" \/><\/a>\n\t\t<\/figure>\n\t<\/div>\n<div class=\"qodef-section-title-holder titles umbrella vila_title qodef-st-standard qodef-st-title-left  qodef-st-normal-space\" style=\"text-align: center\">\n\t<div class=\"qodef-st-inner\">\n        \t\t\t\t\t<h2 class=\"qodef-st-title\" >\n\t\t\t\tApartman Ana\t\t\t<\/h2>\n\t\t\t\t\t\t\t<p class=\"qodef-st-text\" >\n\t\t\t\tStudio apartman Ana nalazi se na tre\u0107em katu u potkrovlju, s pogledom an more i na oto\u010dku valu. Na povr\u0161ini od 25m2 otvorenog prostora smje\u0161tena je spava\u0107a soba, dnevni boravak i mala kuhinja sa zasebnom kupaonicom.\t\t\t<\/p>\n\t\t\t<\/div>\n<\/div><\/div><\/div><\/div><div class=\"vila_apartmani wpb_column vc_column_container vc_col-sm-4\"><div class=\"vc_column-inner\"><div class=\"wpb_wrapper\">\n\t<div  class=\"wpb_single_image wpb_content_element vc_align_center wpb_content_element  zaobljeno\">\n\t\t\n\t\t<figure class=\"wpb_wrapper vc_figure\">\n\t\t\t<a href=\"https:\/\/mandraclopud.com\/hr\/apartman-luigia\/\" target=\"_self\" class=\"vc_single_image-wrapper   vc_box_border_grey\"><img loading=\"lazy\" decoding=\"async\" width=\"303\" height=\"353\" src=\"https:\/\/mandraclopud.com\/wp-content\/uploads\/2022\/06\/Apartman-Luigia.jpg\" class=\"vc_single_image-img attachment-full\" alt=\"Apartman Luigia\" title=\"Apartman Luigia\" srcset=\"https:\/\/mandraclopud.com\/wp-content\/uploads\/2022\/06\/Apartman-Luigia.jpg 303w, https:\/\/mandraclopud.com\/wp-content\/uploads\/2022\/06\/Apartman-Luigia-258x300.jpg 258w\" sizes=\"auto, (max-width: 303px) 100vw, 303px\" \/><\/a>\n\t\t<\/figure>\n\t<\/div>\n<div class=\"qodef-section-title-holder titles umbrella vila_title qodef-st-standard qodef-st-title-left  qodef-st-normal-space\" style=\"text-align: center\">\n\t<div class=\"qodef-st-inner\">\n        \t\t\t\t\t<h2 class=\"qodef-st-title\" >\n\t\t\t\tApartman Luigia\t\t\t<\/h2>\n\t\t\t\t\t\t\t<p class=\"qodef-st-text\" >\n\t\t\t\tStudio apartman Luigia nalazi se na tre\u0107em katu u potkrovlju, s pogledom an more i na oto\u010dku valu. Na povr\u0161ini od 25m2 otvorenog prostora smje\u0161tena je spava\u0107a soba, dnevni boravak i mala kuhinja sa zasebnom kupaonicom.\t\t\t<\/p>\n\t\t\t<\/div>\n<\/div><\/div><\/div><\/div><\/div>\n<\/div>","protected":false},"excerpt":{"rendered":"VILLA BIRIMI\u0160A Running our old stone villa as a family, we proudly uphold a tradition of hospitality that dates back to 1935, when our ancestors began their tradition of hosting, building the history we now treasure and carry forward. Apartment Frane A studio apartment with [...]","protected":false},"author":1,"featured_media":0,"parent":0,"menu_order":0,"comment_status":"closed","ping_status":"closed","template":"full-width.php","meta":{"_acf_changed":false,"footnotes":""},"categories":[1],"class_list":["post-4267","page","type-page","status-publish","hentry","category-uncategorized"],"acf":[],"yoast_head":"<!-- This site is optimized with the Yoast SEO plugin v27.4 - https:\/\/yoast.com\/product\/yoast-seo-wordpress\/ -->\n<title>Villa Birimi\u0161a - Apartments on Lopud<\/title>\n<meta name=\"description\" content=\"Running our old stone villa as a family, we proudly uphold a tradition of hospitality that dates back to 1935, when our ancestors began their tradition of hosting, building the history we now treasure and carry forward.\" \/>\n<meta name=\"robots\" content=\"index, follow, max-snippet:-1, max-image-preview:large, max-video-preview:-1\" \/>\n<link rel=\"canonical\" href=\"https:\/\/lopudwithus.com\/villa-birimisa\/\" \/>\n<meta property=\"og:locale\" content=\"hr_HR\" \/>\n<meta property=\"og:type\" content=\"article\" \/>\n<meta property=\"og:title\" content=\"Villa Birimi\u0161a - Apartments on Lopud\" \/>\n<meta property=\"og:description\" content=\"Running our old stone villa as a family, we proudly uphold a tradition of hospitality that dates back to 1935, when our ancestors began their tradition of hosting, building the history we now treasure and carry forward.\" \/>\n<meta property=\"og:url\" content=\"https:\/\/lopudwithus.com\/villa-birimisa\/\" \/>\n<meta property=\"og:site_name\" content=\"Mandra\u010d - Villa Birimi\u0161a\" \/>\n<meta property=\"article:modified_time\" content=\"2023-08-04T13:59:01+00:00\" \/>\n<meta name=\"twitter:card\" content=\"summary_large_image\" \/>\n<meta name=\"twitter:label1\" content=\"Est. reading time\" \/>\n\t<meta name=\"twitter:data1\" content=\"2 minutes\" \/>\n<script type=\"application\/ld+json\" class=\"yoast-schema-graph\">{\"@context\":\"https:\\\/\\\/schema.org\",\"@graph\":[{\"@type\":\"WebPage\",\"@id\":\"https:\\\/\\\/lopudwithus.com\\\/villa-birimisa\\\/\",\"url\":\"https:\\\/\\\/lopudwithus.com\\\/villa-birimisa\\\/\",\"name\":\"Villa Birimi\u0161a - Apartments on Lopud\",\"isPartOf\":{\"@id\":\"https:\\\/\\\/lopudwithus.com\\\/#website\"},\"datePublished\":\"2022-06-13T14:29:23+00:00\",\"dateModified\":\"2023-08-04T13:59:01+00:00\",\"description\":\"Running our old stone villa as a family, we proudly uphold a tradition of hospitality that dates back to 1935, when our ancestors began their tradition of hosting, building the history we now treasure and carry forward.\",\"breadcrumb\":{\"@id\":\"https:\\\/\\\/lopudwithus.com\\\/villa-birimisa\\\/#breadcrumb\"},\"inLanguage\":\"hr\",\"potentialAction\":[{\"@type\":\"ReadAction\",\"target\":[\"https:\\\/\\\/lopudwithus.com\\\/villa-birimisa\\\/\"]}]},{\"@type\":\"BreadcrumbList\",\"@id\":\"https:\\\/\\\/lopudwithus.com\\\/villa-birimisa\\\/#breadcrumb\",\"itemListElement\":[{\"@type\":\"ListItem\",\"position\":1,\"name\":\"Home\",\"item\":\"https:\\\/\\\/mandraclopud.com\\\/\"},{\"@type\":\"ListItem\",\"position\":2,\"name\":\"Villa Birimi\u0161a\"}]},{\"@type\":\"WebSite\",\"@id\":\"https:\\\/\\\/lopudwithus.com\\\/#website\",\"url\":\"https:\\\/\\\/lopudwithus.com\\\/\",\"name\":\"Mandra\u010d - Villa Birimi\u0161a\",\"description\":\"Tavern | Studio Apartments | Villa\",\"potentialAction\":[{\"@type\":\"SearchAction\",\"target\":{\"@type\":\"EntryPoint\",\"urlTemplate\":\"https:\\\/\\\/lopudwithus.com\\\/?s={search_term_string}\"},\"query-input\":{\"@type\":\"PropertyValueSpecification\",\"valueRequired\":true,\"valueName\":\"search_term_string\"}}],\"inLanguage\":\"hr\"}]}<\/script>\n<!-- \/ Yoast SEO plugin. -->","yoast_head_json":{"title":"Villa Birimi\u0161a - Apartments on Lopud","description":"Running our old stone villa as a family, we proudly uphold a tradition of hospitality that dates back to 1935, when our ancestors began their tradition of hosting, building the history we now treasure and carry forward.","robots":{"index":"index","follow":"follow","max-snippet":"max-snippet:-1","max-image-preview":"max-image-preview:large","max-video-preview":"max-video-preview:-1"},"canonical":"https:\/\/lopudwithus.com\/villa-birimisa\/","og_locale":"hr_HR","og_type":"article","og_title":"Villa Birimi\u0161a - Apartments on Lopud","og_description":"Running our old stone villa as a family, we proudly uphold a tradition of hospitality that dates back to 1935, when our ancestors began their tradition of hosting, building the history we now treasure and carry forward.","og_url":"https:\/\/lopudwithus.com\/villa-birimisa\/","og_site_name":"Mandra\u010d - Villa Birimi\u0161a","article_modified_time":"2023-08-04T13:59:01+00:00","twitter_card":"summary_large_image","twitter_misc":{"Est. reading time":"2 minutes"},"schema":{"@context":"https:\/\/schema.org","@graph":[{"@type":"WebPage","@id":"https:\/\/lopudwithus.com\/villa-birimisa\/","url":"https:\/\/lopudwithus.com\/villa-birimisa\/","name":"Villa Birimi\u0161a - Apartments on Lopud","isPartOf":{"@id":"https:\/\/lopudwithus.com\/#website"},"datePublished":"2022-06-13T14:29:23+00:00","dateModified":"2023-08-04T13:59:01+00:00","description":"Running our old stone villa as a family, we proudly uphold a tradition of hospitality that dates back to 1935, when our ancestors began their tradition of hosting, building the history we now treasure and carry forward.","breadcrumb":{"@id":"https:\/\/lopudwithus.com\/villa-birimisa\/#breadcrumb"},"inLanguage":"hr","potentialAction":[{"@type":"ReadAction","target":["https:\/\/lopudwithus.com\/villa-birimisa\/"]}]},{"@type":"BreadcrumbList","@id":"https:\/\/lopudwithus.com\/villa-birimisa\/#breadcrumb","itemListElement":[{"@type":"ListItem","position":1,"name":"Home","item":"https:\/\/mandraclopud.com\/"},{"@type":"ListItem","position":2,"name":"Villa Birimi\u0161a"}]},{"@type":"WebSite","@id":"https:\/\/lopudwithus.com\/#website","url":"https:\/\/lopudwithus.com\/","name":"Mandra\u010d - Villa Birimi\u0161a","description":"Tavern | Studio Apartments | Villa","potentialAction":[{"@type":"SearchAction","target":{"@type":"EntryPoint","urlTemplate":"https:\/\/lopudwithus.com\/?s={search_term_string}"},"query-input":{"@type":"PropertyValueSpecification","valueRequired":true,"valueName":"search_term_string"}}],"inLanguage":"hr"}]}},"_links":{"self":[{"href":"https:\/\/mandraclopud.com\/hr\/wp-json\/wp\/v2\/pages\/4267","targetHints":{"allow":["GET"]}}],"collection":[{"href":"https:\/\/mandraclopud.com\/hr\/wp-json\/wp\/v2\/pages"}],"about":[{"href":"https:\/\/mandraclopud.com\/hr\/wp-json\/wp\/v2\/types\/page"}],"author":[{"embeddable":true,"href":"https:\/\/mandraclopud.com\/hr\/wp-json\/wp\/v2\/users\/1"}],"replies":[{"embeddable":true,"href":"https:\/\/mandraclopud.com\/hr\/wp-json\/wp\/v2\/comments?post=4267"}],"version-history":[{"count":32,"href":"https:\/\/mandraclopud.com\/hr\/wp-json\/wp\/v2\/pages\/4267\/revisions"}],"predecessor-version":[{"id":5357,"href":"https:\/\/mandraclopud.com\/hr\/wp-json\/wp\/v2\/pages\/4267\/revisions\/5357"}],"wp:attachment":[{"href":"https:\/\/mandraclopud.com\/hr\/wp-json\/wp\/v2\/media?parent=4267"}],"wp:term":[{"taxonomy":"category","embeddable":true,"href":"https:\/\/mandraclopud.com\/hr\/wp-json\/wp\/v2\/categories?post=4267"}],"curies":[{"name":"wp","href":"https:\/\/api.w.org\/{rel}","templated":true}]}}